{"id":10,"date":"2021-12-27T15:16:36","date_gmt":"2021-12-27T15:16:36","guid":{"rendered":"http:\/\/vor-vin.dk\/?page_id=10"},"modified":"2026-02-26T22:29:45","modified_gmt":"2026-02-26T21:29:45","slug":"create-your-website-with-blocks","status":"publish","type":"page","link":"https:\/\/vor-vin.dk\/","title":{"rendered":"VOR-VIN"},"content":{"rendered":"\n<div class=\"wp-block-columns is-layout-flex wp-container-core-columns-is-layout-9d6595d7 wp-block-columns-is-layout-flex\">\n<div class=\"wp-block-column is-layout-flow wp-block-column-is-layout-flow\" style=\"flex-basis:100%\">\n<div class=\"wp-block-group\"><div class=\"wp-block-group__inner-container is-layout-flow wp-block-group-is-layout-flow\">\n<div class=\"wp-block-columns is-layout-flex wp-container-core-columns-is-layout-9d6595d7 wp-block-columns-is-layout-flex\">\n<div class=\"wp-block-column is-vertically-aligned-top is-layout-flow wp-block-column-is-layout-flow\" style=\"flex-basis:100%\">\n<div class=\"wp-block-group\"><div class=\"wp-block-group__inner-container is-layout-flow wp-block-group-is-layout-flow\">\n<div class=\"wp-block-columns is-not-stacked-on-mobile is-layout-flex wp-container-core-columns-is-layout-9d6595d7 wp-block-columns-is-layout-flex\">\n<div class=\"wp-block-column is-layout-flow wp-block-column-is-layout-flow\" style=\"flex-basis:100%\">\n<div class=\"wp-block-group alignwide\"><div class=\"wp-block-group__inner-container is-layout-flow wp-block-group-is-layout-flow\">\n<div class=\"wp-block-columns alignwide is-layout-flex wp-container-core-columns-is-layout-9d6595d7 wp-block-columns-is-layout-flex\">\n<div class=\"wp-block-column is-vertically-aligned-top is-layout-flow wp-block-column-is-layout-flow\">\n<h2 class=\"wp-block-heading\"><\/h2>\n\n\n\n<figure class=\"wp-block-image size-full\"><img loading=\"lazy\" decoding=\"async\" width=\"237\" height=\"139\" src=\"https:\/\/vor-vin.dk\/wp-content\/uploads\/2022\/03\/Korkprop_1.bmp\" alt=\"\" class=\"wp-image-201\"\/><\/figure>\n<\/div>\n<\/div>\n<\/div><\/div>\n<\/div>\n<\/div>\n<\/div><\/div>\n\n\n\n<h3 style=\"text-align: center;\">K\u00e6re medlemmer af Vordingborg Vinklub<\/h3>\n<h3 style=\"text-align: center;\">For\u00e5rssmagningen den 24. marts.<\/h3>\n<h3 style=\"text-align: center;\">\u00a0<\/h3>\n<h3 style=\"text-align: center;\"><strong>Om Villumsen Vin &amp; Viden<\/strong><\/h3>\n<h3 style=\"text-align: center;\">Jeg hedder Randi og har v\u00e6ret i vinbranchen i over 20 \u00e5r. Jeg stiftede Villumsen Vin &amp; Viden i 2022.<\/h3>\n<h3 style=\"text-align: center;\">Min store passion er at undervise og hj\u00e6lpe mine kunder med at forst\u00e5, hvad de har i glasset. Vi g\u00e5r op i mad og vin som aldrig f\u00f8r, men sammens\u00e6tningen er stadig en by i Rusland for mange. Det vil jeg gerne \u00e6ndre p\u00e5.<\/h3>\n<h3 style=\"text-align: center;\">Jeg har mange \u00e5rs erfaring med at afholde smagninger. I dag driver jeg to vinskoler p\u00e5 Vestsj\u00e6lland og en i K\u00f8benhavn, og yderligere to er p\u00e5 vej. Jeg har en dybdeg\u00e5ende viden om vin, herunder champagne, portvin, gin og rom. Min r\u00e5dgivning er altid pr\u00e6cis og personlig, og jeg g\u00f8r en stor indsats for at sikre, at mine kunder f\u00f8ler sig velkomne, v\u00e6rdsatte og bliver m\u00f8dt med et smil. Der kommer invitationer\u00a0i begyndelsen af marts, men reserver\u00a0datoen allerede nu!<\/h3>\n<\/div>\n<\/div>\n<\/div><\/div>\n<\/div>\n<\/div>\n\n\n\n<figure class=\"wp-block-gallery has-nested-images columns-default is-cropped wp-block-gallery-1 is-layout-flex wp-block-gallery-is-layout-flex\">\n<figure class=\"wp-block-image\"><img decoding=\"async\" src=\"https:\/\/files.builder.nu\/6f\/1a\/6f1a2387-9993-4c43-8374-65c7789ada5f.jpg\" alt=\"\" title=\"\"\/><\/figure>\n<\/figure>\n","protected":false},"excerpt":{"rendered":"<p>K\u00e6re medlemmer af Vordingborg Vinklub For\u00e5rssmagningen den 24. marts. \u00a0 Om Villumsen Vin &amp; Viden Jeg hedder Randi og har v\u00e6ret i vinbranchen i over 20 \u00e5r. Jeg stiftede Villumsen Vin &amp; Viden i 2022. Min store passion er at undervise og hj\u00e6lpe mine kunder med at forst\u00e5, hvad de har i glasset. Vi g\u00e5r [&hellip;]<\/p>\n","protected":false},"author":2,"featured_media":0,"parent":0,"menu_order":0,"comment_status":"closed","ping_status":"closed","template":"page-template\/custom-front.php","meta":{"footnotes":""},"class_list":["post-10","page","type-page","status-publish","hentry"],"_links":{"self":[{"href":"https:\/\/vor-vin.dk\/index.php\/wp-json\/wp\/v2\/pages\/10","targetHints":{"allow":["GET"]}}],"collection":[{"href":"https:\/\/vor-vin.dk\/index.php\/wp-json\/wp\/v2\/pages"}],"about":[{"href":"https:\/\/vor-vin.dk\/index.php\/wp-json\/wp\/v2\/types\/page"}],"author":[{"embeddable":true,"href":"https:\/\/vor-vin.dk\/index.php\/wp-json\/wp\/v2\/users\/2"}],"replies":[{"embeddable":true,"href":"https:\/\/vor-vin.dk\/index.php\/wp-json\/wp\/v2\/comments?post=10"}],"version-history":[{"count":222,"href":"https:\/\/vor-vin.dk\/index.php\/wp-json\/wp\/v2\/pages\/10\/revisions"}],"predecessor-version":[{"id":747,"href":"https:\/\/vor-vin.dk\/index.php\/wp-json\/wp\/v2\/pages\/10\/revisions\/747"}],"wp:attachment":[{"href":"https:\/\/vor-vin.dk\/index.php\/wp-json\/wp\/v2\/media?parent=10"}],"curies":[{"name":"wp","href":"https:\/\/api.w.org\/{rel}","templated":true}]}}